{"id":1638,"date":"2021-11-16T17:02:34","date_gmt":"2021-11-16T17:02:34","guid":{"rendered":"https:\/\/fundacioprojecteivida.org\/serveis-comunitaris\/"},"modified":"2022-05-05T09:52:26","modified_gmt":"2022-05-05T07:52:26","slug":"serveis-comunitaris","status":"publish","type":"page","link":"https:\/\/fundacioprojecteivida.org\/es\/serveis-comunitaris\/","title":{"rendered":"Servicios comunitarios"},"content":{"rendered":"<p>[et_pb_section fb_built=\u00bb1&#8243; _builder_version=\u00bb4.16&#8243; _module_preset=\u00bbdefault\u00bb background_image=\u00bbhttps:\/\/fundacioprojecteivida.org\/wp-content\/uploads\/2021\/11\/Mesa-de-trabajo-\u2013-1.jpg\u00bb background_position=\u00bbtop_center\u00bb height=\u00bb442px\u00bb height_tablet=\u00bb442px\u00bb height_phone=\u00bb\u00bb height_last_edited=\u00bbon|tablet\u00bb max_height=\u00bb442px\u00bb max_height_tablet=\u00bb442px\u00bb max_height_phone=\u00bb\u00bb max_height_last_edited=\u00bbon|tablet\u00bb global_colors_info=\u00bb{}\u00bb][et_pb_row _builder_version=\u00bb4.16&#8243; _module_preset=\u00bbdefault\u00bb global_colors_info=\u00bb{}\u00bb][et_pb_column type=\u00bb4_4&#8243; _builder_version=\u00bb4.16&#8243; _module_preset=\u00bbdefault\u00bb global_colors_info=\u00bb{}\u00bb][et_pb_text _builder_version=\u00bb4.17.3&#8243; _module_preset=\u00bbdefault\u00bb text_font=\u00bbInter|500|||||||\u00bb text_text_color=\u00bb#FFFFFF\u00bb text_line_height=\u00bb19px\u00bb header_font=\u00bbInter|700|||||||\u00bb header_text_color=\u00bb#FFFFFF\u00bb header_font_size=\u00bb44px\u00bb header_line_height=\u00bb58px\u00bb global_colors_info=\u00bb{}\u00bb]\u00bfQU\u00c9 HACEMOS?<\/p>\n<h1>Servicios comunitarios<\/h1>\n<p>[\/et_pb_text][et_pb_text _builder_version=\u00bb4.17.3&#8243; _module_preset=\u00bbdefault\u00bb text_font=\u00bbInter||||||||\u00bb text_text_color=\u00bb#FFFFFF\u00bb text_font_size=\u00bb16px\u00bb text_line_height=\u00bb30px\u00bb width=\u00bb70%\u00bb width_tablet=\u00bb70%\u00bb width_phone=\u00bb100%\u00bb width_last_edited=\u00bbon|phone\u00bb global_colors_info=\u00bb{}\u00bb]Los servicios comunitarios ofrecen un m\u00e9todo de intervenci\u00f3n social basado en la participaci\u00f3n de todos los actores de la comunidad para afrontar las dificultades, conflictos y necesidades de la comunidad o parte de ella. El trabajo comunitario es preventivo, mediador, participativo y reparador.[\/et_pb_text][\/et_pb_column][\/et_pb_row][\/et_pb_section][et_pb_section fb_built=\u00bb1&#8243; _builder_version=\u00bb4.16&#8243; _module_preset=\u00bbdefault\u00bb global_colors_info=\u00bb{}\u00bb][et_pb_row _builder_version=\u00bb4.16&#8243; _module_preset=\u00bbdefault\u00bb global_colors_info=\u00bb{}\u00bb][et_pb_column type=\u00bb4_4&#8243; _builder_version=\u00bb4.16&#8243; _module_preset=\u00bbdefault\u00bb global_colors_info=\u00bb{}\u00bb][et_pb_text _builder_version=\u00bb4.17.3&#8243; _module_preset=\u00bbdefault\u00bb text_font=\u00bbInter|500|||||||\u00bb text_text_color=\u00bb#1e3d7d\u00bb text_font_size=\u00bb18px\u00bb header_2_font=\u00bbInter|700|||||||\u00bb header_2_text_color=\u00bb#1e3d7d\u00bb header_2_font_size=\u00bb58px\u00bb locked=\u00bboff\u00bb global_colors_info=\u00bb{}\u00bb]<\/p>\n<h2>Nuestros proyectos<\/h2>\n<p>[\/et_pb_text][\/et_pb_column][\/et_pb_row][et_pb_row column_structure=\u00bb1_2,1_2&#8243; _builder_version=\u00bb4.16&#8243; _module_preset=\u00bbdefault\u00bb global_colors_info=\u00bb{}\u00bb][et_pb_column type=\u00bb1_2&#8243; _builder_version=\u00bb4.16&#8243; _module_preset=\u00bbdefault\u00bb global_colors_info=\u00bb{}\u00bb][et_pb_image src=\u00bbhttps:\/\/fundacioprojecteivida.org\/wp-content\/uploads\/2021\/11\/Enmascarar-grupo-7-3.jpg\u00bb title_text=\u00bbEnmascarar grupo 7&#8243; align_tablet=\u00bbcenter\u00bb align_phone=\u00bbcenter\u00bb align_last_edited=\u00bbon|tablet\u00bb _builder_version=\u00bb4.16&#8243; _module_preset=\u00bbdefault\u00bb global_colors_info=\u00bb{}\u00bb][\/et_pb_image][\/et_pb_column][et_pb_column type=\u00bb1_2&#8243; _builder_version=\u00bb4.16&#8243; _module_preset=\u00bbdefault\u00bb custom_padding=\u00bb5%||||false|false\u00bb global_colors_info=\u00bb{}\u00bb][et_pb_text _builder_version=\u00bb4.17.3&#8243; _module_preset=\u00bbdefault\u00bb text_font=\u00bbInter|700|||||||\u00bb text_text_color=\u00bb#1e3d7d\u00bb text_font_size=\u00bb32px\u00bb text_line_height=\u00bb43px\u00bb global_colors_info=\u00bb{}\u00bb]<\/p>\n<p>Equipo de Soporte a la Atenci\u00f3n Comunitaria (ESAC)<\/p>\n<p>[\/et_pb_text][et_pb_text _builder_version=\u00bb4.17.3&#8243; _module_preset=\u00bbdefault\u00bb text_font=\u00bbInter||||||||\u00bb text_text_color=\u00bb#1e3d7d\u00bb text_font_size=\u00bb16px\u00bb text_line_height=\u00bb30px\u00bb global_colors_info=\u00bb{}\u00bb]El Equipo de Soporte a la Acci\u00f3n Comunitaria es un equipo de profesionales multidisciplinario que la Fundaci\u00f3 Projecte i Vida pone a disposici\u00f3n de los municipios y entidades para desarrollar todos aquellos proyectos que tiene a la comunidad o a las comunidades del territorio como protagonistas. [\/et_pb_text][et_pb_button button_url=\u00bbhttps:\/\/fundacioprojecteivida.org\/es\/serveis-comunitaris\/equip-de-suport-a-latencio-comunitaria-esac\/\u00bb button_text=\u00bbDESCUBRIR\u00bb _builder_version=\u00bb4.17.3&#8243; _module_preset=\u00bbdefault\u00bb custom_button=\u00bbon\u00bb button_text_size=\u00bb16px\u00bb button_text_color=\u00bb#FFFFFF\u00bb button_bg_color=\u00bb#ffba49&#8243; button_font=\u00bbInter||||||||\u00bb hover_enabled=\u00bb0&#8243; global_colors_info=\u00bb{}\u00bb button_text__hover_enabled=\u00bboff|desktop\u00bb sticky_enabled=\u00bb0&#8243;][\/et_pb_button][\/et_pb_column][\/et_pb_row][\/et_pb_section][et_pb_section fb_built=\u00bb1&#8243; _builder_version=\u00bb4.16&#8243; _module_preset=\u00bbdefault\u00bb locked=\u00bboff\u00bb global_colors_info=\u00bb{}\u00bb][et_pb_row _builder_version=\u00bb4.16&#8243; _module_preset=\u00bbdefault\u00bb global_colors_info=\u00bb{}\u00bb][et_pb_column type=\u00bb4_4&#8243; _builder_version=\u00bb4.16&#8243; _module_preset=\u00bbdefault\u00bb global_colors_info=\u00bb{}\u00bb][et_pb_text _builder_version=\u00bb4.17.3&#8243; _module_preset=\u00bbdefault\u00bb text_font=\u00bbInter|500|||||||\u00bb text_text_color=\u00bb#1e3d7d\u00bb text_font_size=\u00bb18px\u00bb header_2_font=\u00bbInter|700|||||||\u00bb header_2_text_color=\u00bb#1e3d7d\u00bb header_2_font_size=\u00bb58px\u00bb locked=\u00bboff\u00bb global_colors_info=\u00bb{}\u00bb]<\/p>\n<h2>Nuestros servicios<\/h2>\n<p>[\/et_pb_text][\/et_pb_column][\/et_pb_row][et_pb_row column_structure=\u00bb1_4,1_4,1_4,1_4&#8243; use_custom_gutter=\u00bbon\u00bb gutter_width=\u00bb1&#8243; _builder_version=\u00bb4.16&#8243; _module_preset=\u00bbdefault\u00bb locked=\u00bboff\u00bb global_colors_info=\u00bb{}\u00bb][et_pb_column type=\u00bb1_4&#8243; _builder_version=\u00bb4.16&#8243; _module_preset=\u00bbdefault\u00bb global_colors_info=\u00bb{}\u00bb transform_styles__hover_enabled=\u00bbon|hover\u00bb transform_scale__hover_enabled=\u00bbon|hover\u00bb transform_translate__hover_enabled=\u00bbon|desktop\u00bb transform_rotate__hover_enabled=\u00bbon|desktop\u00bb transform_skew__hover_enabled=\u00bbon|desktop\u00bb transform_origin__hover_enabled=\u00bbon|desktop\u00bb transform_scale__hover=\u00bb115%|115%\u00bb z_index__hover_enabled=\u00bbon|hover\u00bb z_index__hover=\u00bb9&#8243;][et_pb_text _builder_version=\u00bb4.17.3&#8243; _module_preset=\u00bbdefault\u00bb text_font=\u00bbInter||||||||\u00bb text_text_color=\u00bb#FFFFFF\u00bb header_3_font=\u00bbInter|700|||||||\u00bb header_3_text_color=\u00bb#FFFFFF\u00bb background_enable_color=\u00bboff\u00bb use_background_color_gradient=\u00bbon\u00bb background_color_gradient_stops=\u00bbrgba(30,61,125,0.5) 0%|rgba(30,61,125,0.5) 100%\u00bb background_color_gradient_overlays_image=\u00bbon\u00bb background_color_gradient_start=\u00bbrgba(30,61,125,0.5)\u00bb background_color_gradient_end=\u00bbrgba(30,61,125,0.5)\u00bb background_image=\u00bbhttps:\/\/fundacioprojecteivida.org\/wp-content\/uploads\/2021\/10\/Mesa-de-trabajo-\u2013-1.jpg\u00bb custom_padding=\u00bb75%|5%|10%|5%|false|true\u00bb link_option_url=\u00bbhttps:\/\/fundacioprojecteivida.org\/es\/serveis-socioeducatius\u00bb hover_enabled=\u00bb0&#8243; global_colors_info=\u00bb{}\u00bb background__hover_enabled=\u00bbon|hover\u00bb background_color_gradient_start__hover=\u00bbrgba(43,137,247,0.61)\u00bb use_background_color_gradient__hover=\u00bbon\u00bb background_color_gradient_end__hover=\u00bbrgba(43,137,247,0.61)\u00bb background_color_gradient_stops__hover=\u00bbrgba(43,137,247,0.61) 0%|rgba(43,137,247,0.61) 100%\u00bb sticky_enabled=\u00bb0&#8243;]<\/p>\n<h3>Servicios socioeducativos<\/h3>\n<p>SERVICIOS<\/p>\n<p>[\/et_pb_text][\/et_pb_column][et_pb_column type=\u00bb1_4&#8243; _builder_version=\u00bb4.16&#8243; _module_preset=\u00bbdefault\u00bb z_index_last_edited=\u00bboff|desktop\u00bb global_colors_info=\u00bb{}\u00bb z_index__hover_enabled=\u00bbon|hover\u00bb z_index__hover=\u00bb9&#8243; transform_styles__hover_enabled=\u00bbon|hover\u00bb transform_scale__hover_enabled=\u00bbon|hover\u00bb transform_translate__hover_enabled=\u00bbon|hover\u00bb transform_rotate__hover_enabled=\u00bbon|hover\u00bb transform_skew__hover_enabled=\u00bbon|hover\u00bb transform_origin__hover_enabled=\u00bbon|hover\u00bb transform_scale__hover=\u00bb115%|115%\u00bb][et_pb_text _builder_version=\u00bb4.17.3&#8243; _module_preset=\u00bbdefault\u00bb text_font=\u00bbInter||||||||\u00bb text_text_color=\u00bb#FFFFFF\u00bb header_3_font=\u00bbInter|700|||||||\u00bb header_3_text_color=\u00bb#FFFFFF\u00bb background_enable_color=\u00bboff\u00bb use_background_color_gradient=\u00bbon\u00bb background_color_gradient_stops=\u00bbrgba(30,61,125,0.5) 0%|rgba(30,61,125,0.5) 100%\u00bb background_color_gradient_overlays_image=\u00bbon\u00bb background_color_gradient_start=\u00bbrgba(30,61,125,0.5)\u00bb background_color_gradient_end=\u00bbrgba(30,61,125,0.5)\u00bb background_image=\u00bbhttps:\/\/fundacioprojecteivida.org\/wp-content\/uploads\/2021\/10\/Mesa-de-trabajo-\u2013-2.jpg\u00bb custom_padding=\u00bb75%|5%|10%|5%|false|true\u00bb link_option_url=\u00bbhttps:\/\/fundacioprojecteivida.org\/es\/serveis-residencials\/\u00bb hover_enabled=\u00bb0&#8243; locked=\u00bboff\u00bb global_colors_info=\u00bb{}\u00bb background__hover_enabled=\u00bbon|hover\u00bb background_color_gradient_start__hover=\u00bbrgba(43,137,247,0.61)\u00bb use_background_color_gradient__hover=\u00bbon\u00bb background_color_gradient_end__hover=\u00bbrgba(43,137,247,0.61)\u00bb background_color_gradient_stops__hover=\u00bbrgba(43,137,247,0.61) 0%|rgba(43,137,247,0.61) 100%\u00bb sticky_enabled=\u00bb0&#8243;]<\/p>\n<h3>Servicios residenciales<\/h3>\n<p>SERVICIOS<\/p>\n<p>[\/et_pb_text][\/et_pb_column][et_pb_column type=\u00bb1_4&#8243; _builder_version=\u00bb4.16&#8243; _module_preset=\u00bbdefault\u00bb global_colors_info=\u00bb{}\u00bb transform_styles__hover_enabled=\u00bbon|hover\u00bb transform_scale__hover_enabled=\u00bbon|hover\u00bb transform_translate__hover_enabled=\u00bbon|desktop\u00bb transform_rotate__hover_enabled=\u00bbon|desktop\u00bb transform_skew__hover_enabled=\u00bbon|desktop\u00bb transform_origin__hover_enabled=\u00bbon|desktop\u00bb transform_scale__hover=\u00bb115%|115%\u00bb z_index__hover_enabled=\u00bbon|hover\u00bb z_index__hover=\u00bb9&#8243;][et_pb_text _builder_version=\u00bb4.17.3&#8243; _module_preset=\u00bbdefault\u00bb text_font=\u00bbInter||||||||\u00bb text_text_color=\u00bb#FFFFFF\u00bb header_3_font=\u00bbInter|700|||||||\u00bb header_3_text_color=\u00bb#FFFFFF\u00bb background_enable_color=\u00bboff\u00bb use_background_color_gradient=\u00bbon\u00bb background_color_gradient_stops=\u00bbrgba(30,61,125,0.5) 0%|rgba(30,61,125,0.5) 100%\u00bb background_color_gradient_overlays_image=\u00bbon\u00bb background_color_gradient_start=\u00bbrgba(30,61,125,0.5)\u00bb background_color_gradient_end=\u00bbrgba(30,61,125,0.5)\u00bb background_image=\u00bbhttps:\/\/fundacioprojecteivida.org\/wp-content\/uploads\/2021\/10\/Mesa-de-trabajo-\u2013-3.jpg\u00bb custom_padding=\u00bb75%|5%|10%|5%|false|true\u00bb link_option_url=\u00bbhttps:\/\/fundacioprojecteivida.org\/es\/serveis-formatius\/\u00bb hover_enabled=\u00bb0&#8243; locked=\u00bboff\u00bb global_colors_info=\u00bb{}\u00bb background__hover_enabled=\u00bbon|hover\u00bb background_color_gradient_start__hover=\u00bbrgba(43,137,247,0.61)\u00bb use_background_color_gradient__hover=\u00bbon\u00bb background_color_gradient_end__hover=\u00bbrgba(43,137,247,0.61)\u00bb background_color_gradient_stops__hover=\u00bbrgba(43,137,247,0.61) 0%|rgba(43,137,247,0.61) 100%\u00bb sticky_enabled=\u00bb0&#8243;]<\/p>\n<h3>Servicios formativos<\/h3>\n<p>SERVICIOS<\/p>\n<p>[\/et_pb_text][\/et_pb_column][et_pb_column type=\u00bb1_4&#8243; _builder_version=\u00bb4.16&#8243; _module_preset=\u00bbdefault\u00bb global_colors_info=\u00bb{}\u00bb transform_styles__hover_enabled=\u00bbon|hover\u00bb transform_scale__hover_enabled=\u00bbon|hover\u00bb transform_translate__hover_enabled=\u00bbon|desktop\u00bb transform_rotate__hover_enabled=\u00bbon|desktop\u00bb transform_skew__hover_enabled=\u00bbon|desktop\u00bb transform_origin__hover_enabled=\u00bbon|desktop\u00bb transform_scale__hover=\u00bb115%|115%\u00bb z_index__hover_enabled=\u00bbon|hover\u00bb z_index__hover=\u00bb9&#8243;][et_pb_text _builder_version=\u00bb4.17.3&#8243; _module_preset=\u00bbdefault\u00bb text_font=\u00bbInter||||||||\u00bb text_text_color=\u00bb#FFFFFF\u00bb header_3_font=\u00bbInter|700|||||||\u00bb header_3_text_color=\u00bb#FFFFFF\u00bb background_enable_color=\u00bboff\u00bb use_background_color_gradient=\u00bbon\u00bb background_color_gradient_stops=\u00bbrgba(30,61,125,0.5) 0%|rgba(30,61,125,0.5) 100%\u00bb background_color_gradient_overlays_image=\u00bbon\u00bb background_color_gradient_start=\u00bbrgba(30,61,125,0.5)\u00bb background_color_gradient_end=\u00bbrgba(30,61,125,0.5)\u00bb background_image=\u00bbhttps:\/\/fundacioprojecteivida.org\/wp-content\/uploads\/2021\/10\/Mesa-de-trabajo-\u2013-4.jpg\u00bb custom_padding=\u00bb75%|5%|10%|5%|false|true\u00bb link_option_url=\u00bbhttps:\/\/fundacioprojecteivida.org\/es\/serveis-comunitaris\/\u00bb hover_enabled=\u00bb0&#8243; locked=\u00bboff\u00bb global_colors_info=\u00bb{}\u00bb background__hover_enabled=\u00bbon|hover\u00bb background_color_gradient_start__hover=\u00bbrgba(43,137,247,0.61)\u00bb use_background_color_gradient__hover=\u00bbon\u00bb background_color_gradient_end__hover=\u00bbrgba(43,137,247,0.61)\u00bb background_color_gradient_stops__hover=\u00bbrgba(43,137,247,0.61) 0%|rgba(43,137,247,0.61) 100%\u00bb sticky_enabled=\u00bb0&#8243;]<\/p>\n<h3>Servicios comunitarios<\/h3>\n<p>SERVICIOS<\/p>\n<p>[\/et_pb_text][\/et_pb_column][\/et_pb_row][\/et_pb_section]<\/p>\n","protected":false},"excerpt":{"rendered":"<p>\u00bfQU\u00c9 HACEMOS? Servicios comunitariosLos servicios comunitarios ofrecen un m\u00e9todo de intervenci\u00f3n social basado en la participaci\u00f3n de todos los actores de la comunidad para afrontar las dificultades, conflictos y necesidades de la comunidad o parte de ella. El trabajo comunitario es preventivo, mediador, participativo y reparador.Nuestros proyectosEquipo de Soporte a la Atenci\u00f3n Comunitaria (ESAC)El Equipo [&hellip;]<\/p>\n","protected":false},"author":2,"featured_media":0,"parent":0,"menu_order":0,"comment_status":"closed","ping_status":"closed","template":"","meta":{"_et_pb_use_builder":"on","_et_pb_old_content":"","_et_gb_content_width":"","inline_featured_image":false,"footnotes":""},"class_list":["post-1638","page","type-page","status-publish","hentry"],"_links":{"self":[{"href":"https:\/\/fundacioprojecteivida.org\/es\/wp-json\/wp\/v2\/pages\/1638","targetHints":{"allow":["GET"]}}],"collection":[{"href":"https:\/\/fundacioprojecteivida.org\/es\/wp-json\/wp\/v2\/pages"}],"about":[{"href":"https:\/\/fundacioprojecteivida.org\/es\/wp-json\/wp\/v2\/types\/page"}],"author":[{"embeddable":true,"href":"https:\/\/fundacioprojecteivida.org\/es\/wp-json\/wp\/v2\/users\/2"}],"replies":[{"embeddable":true,"href":"https:\/\/fundacioprojecteivida.org\/es\/wp-json\/wp\/v2\/comments?post=1638"}],"version-history":[{"count":4,"href":"https:\/\/fundacioprojecteivida.org\/es\/wp-json\/wp\/v2\/pages\/1638\/revisions"}],"predecessor-version":[{"id":1872,"href":"https:\/\/fundacioprojecteivida.org\/es\/wp-json\/wp\/v2\/pages\/1638\/revisions\/1872"}],"wp:attachment":[{"href":"https:\/\/fundacioprojecteivida.org\/es\/wp-json\/wp\/v2\/media?parent=1638"}],"curies":[{"name":"wp","href":"https:\/\/api.w.org\/{rel}","templated":true}]}}