{"id":1670,"date":"2022-04-07T09:08:31","date_gmt":"2022-04-07T09:08:31","guid":{"rendered":"https:\/\/fundacioprojecteivida.org\/transparencia\/"},"modified":"2022-07-18T16:53:51","modified_gmt":"2022-07-18T14:53:51","slug":"transparencia","status":"publish","type":"page","link":"https:\/\/fundacioprojecteivida.org\/es\/transparencia\/","title":{"rendered":"Transparencia"},"content":{"rendered":"<p>[et_pb_section fb_built=\u00bb1&#8243; custom_padding_last_edited=\u00bbon|phone\u00bb admin_label=\u00bbHeader Section\u00bb _builder_version=\u00bb4.16&#8243; background_enable_image=\u00bboff\u00bb background_position=\u00bbtop_right\u00bb custom_padding=\u00bb0px||||false|false\u00bb custom_padding_tablet=\u00bb0px||||false|false\u00bb custom_padding_phone=\u00bb0px||1%||false|false\u00bb locked=\u00bboff\u00bb global_colors_info=\u00bb{}\u00bb][et_pb_row column_structure=\u00bb1_2,1_2&#8243; use_custom_gutter=\u00bbon\u00bb gutter_width=\u00bb4&#8243; disabled_on=\u00bboff|off|off\u00bb admin_label=\u00bbHeader Row\u00bb _builder_version=\u00bb4.16&#8243; custom_margin=\u00bb|||\u00bb custom_padding=\u00bb0px|0px|0px|0px\u00bb box_shadow_style=\u00bbpreset4&#8243; box_shadow_horizontal=\u00bb-900px\u00bb box_shadow_vertical=\u00bb-500px\u00bb box_shadow_spread=\u00bb80px\u00bb box_shadow_color=\u00bb#1e3d7d\u00bb global_colors_info=\u00bb{}\u00bb][et_pb_column type=\u00bb1_2&#8243; admin_label=\u00bbColumna\u00bb _builder_version=\u00bb4.16&#8243; custom_padding=\u00bb|||\u00bb global_colors_info=\u00bb{}\u00bb custom_padding__hover=\u00bb|||\u00bb][et_pb_image src=\u00bbhttps:\/\/fundacioprojecteivida.org\/wp-content\/uploads\/2022\/04\/community-concept-with-hands-of-people.jpg\u00bb title_text=\u00bbcommunity-concept-with-hands-of-people\u00bb align_tablet=\u00bbcenter\u00bb align_phone=\u00bb\u00bb align_last_edited=\u00bbon|desktop\u00bb disabled_on=\u00bboff|off|off\u00bb admin_label=\u00bbHeader Image\u00bb _builder_version=\u00bb4.16&#8243; global_colors_info=\u00bb{}\u00bb][\/et_pb_image][\/et_pb_column][et_pb_column type=\u00bb1_2&#8243; disabled_on=\u00bboff|off|off\u00bb _builder_version=\u00bb4.16&#8243; custom_padding=\u00bb|||\u00bb global_colors_info=\u00bb{}\u00bb custom_padding__hover=\u00bb|||\u00bb][et_pb_cta title=\u00bbNOSOTROS\u00bb button_url=\u00bb#top\u00bb admin_label=\u00bbHeading, Subheading &#038; CTA Button\u00bb _builder_version=\u00bb4.17.3&#8243; header_level=\u00bbh1&#8243; header_font=\u00bbInter|500|||||||\u00bb header_text_align=\u00bbleft\u00bb header_text_color=\u00bb#1e3d7d\u00bb header_font_size=\u00bb14px\u00bb header_line_height=\u00bb1.4em\u00bb body_font=\u00bbInter|700|||||||\u00bb body_text_align=\u00bbleft\u00bb body_text_color=\u00bb#1e3d7d\u00bb body_font_size=\u00bb45px\u00bb body_line_height=\u00bb1em\u00bb use_background_color=\u00bboff\u00bb custom_button=\u00bbon\u00bb button_text_size=\u00bb16px\u00bb button_text_color=\u00bb#ffffff\u00bb button_bg_color=\u00bb#f4583f\u00bb button_border_width=\u00bb10px\u00bb button_border_color=\u00bb#f4583f\u00bb button_border_radius=\u00bb0px\u00bb button_font=\u00bbMuli|700|||||||\u00bb button_use_icon=\u00bboff\u00bb background_layout=\u00bblight\u00bb custom_margin=\u00bb28px||0px||false|false\u00bb custom_margin_tablet=\u00bb3vw||3vw|\u00bb custom_margin_phone=\u00bb|||\u00bb custom_margin_last_edited=\u00bbon|desktop\u00bb custom_padding=\u00bb0px||0px||false|false\u00bb animation_style=\u00bbfade\u00bb header_text_align_tablet=\u00bbcenter\u00bb header_text_align_phone=\u00bbcenter\u00bb header_text_align_last_edited=\u00bbon|tablet\u00bb header_font_size_tablet=\u00bb\u00bb header_font_size_phone=\u00bb18px\u00bb header_font_size_last_edited=\u00bbon|phone\u00bb header_line_height_tablet=\u00bb1.4em\u00bb header_line_height_phone=\u00bb22px\u00bb header_line_height_last_edited=\u00bbon|phone\u00bb body_text_align_tablet=\u00bbcenter\u00bb body_text_align_phone=\u00bbcenter\u00bb body_text_align_last_edited=\u00bbon|tablet\u00bb button_border_radius_hover=\u00bb0px\u00bb global_colors_info=\u00bb{}\u00bb button_text_size__hover_enabled=\u00bboff\u00bb button_one_text_size__hover_enabled=\u00bboff\u00bb button_two_text_size__hover_enabled=\u00bboff\u00bb button_text_color__hover_enabled=\u00bboff\u00bb button_one_text_color__hover_enabled=\u00bboff\u00bb button_two_text_color__hover_enabled=\u00bboff\u00bb button_border_width__hover_enabled=\u00bboff\u00bb button_one_border_width__hover_enabled=\u00bboff\u00bb button_two_border_width__hover_enabled=\u00bboff\u00bb button_border_color__hover_enabled=\u00bboff\u00bb button_one_border_color__hover_enabled=\u00bboff\u00bb button_two_border_color__hover_enabled=\u00bboff\u00bb button_border_radius__hover_enabled=\u00bbon\u00bb button_border_radius__hover=\u00bb0px\u00bb button_one_border_radius__hover_enabled=\u00bboff\u00bb button_two_border_radius__hover_enabled=\u00bboff\u00bb button_letter_spacing__hover_enabled=\u00bboff\u00bb button_one_letter_spacing__hover_enabled=\u00bboff\u00bb button_two_letter_spacing__hover_enabled=\u00bboff\u00bb button_bg_color__hover_enabled=\u00bboff\u00bb button_one_bg_color__hover_enabled=\u00bboff\u00bb button_two_bg_color__hover_enabled=\u00bboff\u00bb]Transparencia[\/et_pb_cta][et_pb_text _builder_version=\u00bb4.17.3&#8243; _module_preset=\u00bbdefault\u00bb text_text_color=\u00bb#1e3d7d\u00bb text_font_size=\u00bb16px\u00bb text_line_height=\u00bb30px\u00bb custom_margin=\u00bb-3%||||false|false\u00bb hover_enabled=\u00bb0&#8243; text_orientation_tablet=\u00bb\u00bb text_orientation_phone=\u00bbcenter\u00bb text_orientation_last_edited=\u00bbon|phone\u00bb global_colors_info=\u00bb{}\u00bb sticky_enabled=\u00bb0&#8243;]<\/p>\n<p style=\"text-align: justify;\">Fundaci\u00f3 Projecte i Vida quiere ser una entidad comprometida con la transparencia y las buenas pr\u00e1cticas, en esta secci\u00f3n puedes acceder a informaci\u00f3n y documentos que avalan nuestra integridad, eficacia y buen gobierno.<\/p>\n<p>[\/et_pb_text][et_pb_image src=\u00bbhttps:\/\/fundacioprojecteivida.org\/wp-content\/uploads\/2021\/10\/Rectangulo-88.jpg\u00bb title_text=\u00bbRect\u00e1ngulo 88&#8243; align_tablet=\u00bb\u00bb align_phone=\u00bbright\u00bb align_last_edited=\u00bbon|phone\u00bb disabled_on=\u00bbon|on|off\u00bb _builder_version=\u00bb4.16&#8243; _module_preset=\u00bbdefault\u00bb transform_scale=\u00bb100%|90%\u00bb transform_scale_linked=\u00bboff\u00bb transform_translate=\u00bb-87px|-46px\u00bb transform_translate_linked=\u00bboff\u00bb custom_padding=\u00bb51px||||false|false\u00bb module_alignment_last_edited=\u00bboff|desktop\u00bb global_colors_info=\u00bb{}\u00bb][\/et_pb_image][\/et_pb_column][\/et_pb_row][\/et_pb_section][et_pb_section fb_built=\u00bb1&#8243; custom_padding_last_edited=\u00bbon|tablet\u00bb _builder_version=\u00bb4.16&#8243; _module_preset=\u00bbdefault\u00bb custom_padding_tablet=\u00bb0px||15px||false|false\u00bb custom_padding_phone=\u00bb0px||||false|false\u00bb global_colors_info=\u00bb{}\u00bb][et_pb_row _builder_version=\u00bb4.16&#8243; _module_preset=\u00bbdefault\u00bb global_colors_info=\u00bb{}\u00bb][et_pb_column type=\u00bb4_4&#8243; _builder_version=\u00bb4.16&#8243; _module_preset=\u00bbdefault\u00bb global_colors_info=\u00bb{}\u00bb][et_pb_text content_tablet=\u00bb<\/p>\n<h3><span style=%22color: #2b89f7;%22>Estructura institucional y organizativa<\/span><br \/>de Fundaci\u00f3 Projecte i Vida<\/h3>\n<p>\u00bb content_phone=\u00bb<\/p>\n<h3><span style=%22color: #2b89f7;%22>Estructura institucional <br \/>y organizativa<\/span> de Fundaci\u00f3 Projecte i Vida<\/h3>\n<p>\u00bb content_last_edited=\u00bbon|phone\u00bb _builder_version=\u00bb4.17.3&#8243; _module_preset=\u00bbdefault\u00bb text_font=\u00bbInter||||||||\u00bb text_text_color=\u00bb#1e3d7d\u00bb text_font_size=\u00bb16px\u00bb text_line_height=\u00bb60px\u00bb header_text_color=\u00bb#1e3d7d\u00bb header_3_font=\u00bb|700|||||||\u00bb header_3_text_color=\u00bb#1e3d7d\u00bb header_3_font_size=\u00bb44px\u00bb text_orientation=\u00bbcenter\u00bb max_width=\u00bb100%\u00bb max_width_tablet=\u00bb50%\u00bb max_width_phone=\u00bb100%\u00bb max_width_last_edited=\u00bbon|phone\u00bb module_alignment=\u00bbcenter\u00bb header_3_font_size_tablet=\u00bb44px\u00bb header_3_font_size_phone=\u00bb40px\u00bb header_3_font_size_last_edited=\u00bbon|phone\u00bb global_colors_info=\u00bb{}\u00bb]<\/p>\n<h3><span style=\"color: #2b89f7;\">Estructura institucional y organizativa<\/span><br \/>\nde Fundaci\u00f3 Projecte i Vida<\/h3>\n<p>[\/et_pb_text][et_pb_text _builder_version=\u00bb4.17.3&#8243; _module_preset=\u00bbdefault\u00bb text_text_color=\u00bb#1e3d7d\u00bb link_text_color=\u00bb#2b89f7&#8243; custom_margin=\u00bb||20px||false|false\u00bb global_colors_info=\u00bb{}\u00bb]<\/p>\n<ul class=\"superllist\">\n<li><strong style=\"color: #2b89f7!important;\"><a href=\"https:\/\/fundacioprojecteivida.org\/es\/entitat\/\">Misi\u00f3n, Visi\u00f3n y Valores <\/a><img loading=\"lazy\" decoding=\"async\" src=\"https:\/\/fundacioprojecteivida.org\/wp-content\/uploads\/2022\/04\/link-solid.png\" width=\"17\" height=\"13\" alt=\"\" class=\"wp-image-1521 alignnone size-full\" \/><\/strong> de Fundaci\u00f3 Projecte i Vida.<\/li>\n<\/ul>\n<p>[\/et_pb_text][et_pb_text _builder_version=\u00bb4.17.3&#8243; _module_preset=\u00bbdefault\u00bb text_text_color=\u00bb#1e3d7d\u00bb hover_enabled=\u00bb0&#8243; global_colors_info=\u00bb{}\u00bb sticky_enabled=\u00bb0&#8243;]<\/p>\n<ul class=\"superllist\">\n<li style=\"text-align: justify;\">La Fundaci\u00f3n est\u00e1 sujeta a la Ley 4\/2008, de 24 de abril, del Libro tercero del C\u00f3digo Civil de Catalu\u00f1a ya la Ley 7\/2012, de 15 de junio, de modificaci\u00f3n del Libro tercero de C\u00f3digo Civil de Catalu\u00f1a, relativo a las personas jur\u00eddicas, por acuerdo del Patronato a fecha 4 de diciembre de 2012 y seg\u00fan consta en la escritura autenticada a fecha 11 de enero de 2013. Los nuevos estatutos quedaron aprobados e inscritos en el Registro de Fundaciones de la Generalidad de Catalu\u00f1a. Est\u00e1 sujeta a la legislaci\u00f3n sobre fundaciones privadas de la Generalidad de Catalu\u00f1a al resto del ordenamiento jur\u00eddico aplicable. Su NIF es G63262323 y su N.I.S.S. es 08\/145584393<\/li>\n<\/ul>\n<p>[\/et_pb_text][et_pb_text _builder_version=\u00bb4.17.3&#8243; _module_preset=\u00bbdefault\u00bb text_text_color=\u00bb#1e3d7d\u00bb link_text_color=\u00bb#2b89f7&#8243; custom_margin=\u00bb||20px||false|false\u00bb hover_enabled=\u00bb0&#8243; global_colors_info=\u00bb{}\u00bb sticky_enabled=\u00bb0&#8243;]<\/p>\n<ul class=\"superllist\">\n<li style=\"text-align: justify;\">Se rige por <strong style=\"color: #2b89f7;\"><a href=\"https:\/\/fundacioprojecteivida.org\/wp-content\/uploads\/2022\/04\/Conveni-Colectiu-de-Catalunya-Accio-Social-Infants-Joves-Families-i-altres-en-situacio-de-risc-2013-2018.pdf\">el Convenio colectivo de trabajo de Catalu\u00f1a de acci\u00f3n social con ni\u00f1os, j\u00f3venes, familias y otros en situaci\u00f3n de riesgo para los a\u00f1os 2013-2018 (c\u00f3digo de convenio n\u00fam. 79002575012007) <img loading=\"lazy\" decoding=\"async\" src=\"https:\/\/fundacioprojecteivida.org\/wp-content\/uploads\/2022\/04\/link-solid.png\" width=\"17\" height=\"13\" alt=\"\" class=\"wp-image-1521 alignnone size-full\" \/><\/a><\/strong><\/li>\n<\/ul>\n<p>[\/et_pb_text][et_pb_text _builder_version=\u00bb4.17.3&#8243; _module_preset=\u00bbdefault\u00bb text_text_color=\u00bb#1e3d7d\u00bb link_text_color=\u00bb#2b89f7&#8243; custom_margin=\u00bb||20px||false|false\u00bb hover_enabled=\u00bb0&#8243; global_colors_info=\u00bb{}\u00bb sticky_enabled=\u00bb0&#8243;]<\/p>\n<ul class=\"superllist\">\n<li style=\"text-align: justify;\"><strong style=\"color: #2b89f7;\"><a href=\"https:\/\/fundacioprojecteivida.org\/wp-content\/uploads\/2022\/04\/ESTATUTS-FPiV.pdf\">Estatutos<img loading=\"lazy\" decoding=\"async\" src=\"https:\/\/fundacioprojecteivida.org\/wp-content\/uploads\/2022\/04\/link-solid.png\" width=\"17\" height=\"13\" alt=\"\" class=\"wp-image-1521 alignnone size-full\" \/><\/a><\/strong> y n\u00famero de registro de la Fundaci\u00f3n. La Direcci\u00f3n General de Derecho y Entidades Jur\u00eddicas (D.G.D.E.J.) inscribi\u00f3 la Fundaci\u00f3 Projecte i Vida, a la que correspondi\u00f3 el n\u00fam. 1912 del Registro de Fundaciones.<\/li>\n<\/ul>\n<p>[\/et_pb_text][et_pb_text _builder_version=\u00bb4.17.3&#8243; _module_preset=\u00bbdefault\u00bb text_text_color=\u00bb#1e3d7d\u00bb link_text_color=\u00bb#2b89f7&#8243; custom_margin=\u00bb||20px||false|false\u00bb global_colors_info=\u00bb{}\u00bb]<\/p>\n<ul class=\"superllist\">\n<li>Estructura organizativa de la Fundaci\u00f3n: <strong style=\"color: #2b89f7;\"><a href=\"https:\/\/fundacioprojecteivida.org\/es\/equip\/\">Equipo<img loading=\"lazy\" decoding=\"async\" src=\"https:\/\/fundacioprojecteivida.org\/wp-content\/uploads\/2022\/04\/link-solid.png\" width=\"17\" height=\"13\" alt=\"\" class=\"wp-image-1521 alignnone size-full\" \/><\/a><\/strong><\/li>\n<\/ul>\n<p>[\/et_pb_text][\/et_pb_column][\/et_pb_row][\/et_pb_section][et_pb_section fb_built=\u00bb1&#8243; disabled_on=\u00bboff|off|off\u00bb _builder_version=\u00bb4.16&#8243; _module_preset=\u00bbdefault\u00bb background_color=\u00bb#1e3d7d\u00bb custom_margin_tablet=\u00bb\u00bb custom_margin_phone=\u00bb||20px||false|false\u00bb custom_margin_last_edited=\u00bbon|phone\u00bb locked=\u00bboff\u00bb global_colors_info=\u00bb{}\u00bb][et_pb_row _builder_version=\u00bb4.16&#8243; _module_preset=\u00bbdefault\u00bb global_colors_info=\u00bb{}\u00bb][et_pb_column type=\u00bb4_4&#8243; _builder_version=\u00bb4.16&#8243; _module_preset=\u00bbdefault\u00bb global_colors_info=\u00bb{}\u00bb][et_pb_text _builder_version=\u00bb4.17.3&#8243; _module_preset=\u00bbdefault\u00bb text_font=\u00bbInter||||||||\u00bb text_text_color=\u00bb#FFFFFF\u00bb text_font_size=\u00bb26px\u00bb text_line_height=\u00bb44px\u00bb hover_enabled=\u00bb0&#8243; global_colors_info=\u00bb{}\u00bb sticky_enabled=\u00bb0&#8243;]<\/p>\n<p style=\"text-align: justify;\">Fundaci\u00f3 Projecte i Vida apostamos por ser una entidad responsable y transparente con los ingresos econ\u00f3micos que recibimos y con los que les destinamos.<\/p>\n<p>[\/et_pb_text][\/et_pb_column][\/et_pb_row][\/et_pb_section][et_pb_section fb_built=\u00bb1&#8243; _builder_version=\u00bb4.16&#8243; _module_preset=\u00bbdefault\u00bb global_colors_info=\u00bb{}\u00bb][et_pb_row column_structure=\u00bb1_2,1_2&#8243; _builder_version=\u00bb4.16&#8243; _module_preset=\u00bbdefault\u00bb global_colors_info=\u00bb{}\u00bb][et_pb_column type=\u00bb1_2&#8243; _builder_version=\u00bb4.16&#8243; _module_preset=\u00bbdefault\u00bb global_colors_info=\u00bb{}\u00bb][et_pb_image src=\u00bbhttps:\/\/fundacioprojecteivida.org\/wp-content\/uploads\/2022\/05\/Grupo-115.png\u00bb title_text=\u00bbGrupo 115&#8243; _builder_version=\u00bb4.17.3&#8243; _module_preset=\u00bbdefault\u00bb global_colors_info=\u00bb{}\u00bb][\/et_pb_image][\/et_pb_column][et_pb_column type=\u00bb1_2&#8243; _builder_version=\u00bb4.16&#8243; _module_preset=\u00bbdefault\u00bb global_colors_info=\u00bb{}\u00bb][et_pb_image src=\u00bbhttps:\/\/fundacioprojecteivida.org\/wp-content\/uploads\/2022\/05\/Grupo-116.png\u00bb title_text=\u00bbGrupo 116&#8243; _builder_version=\u00bb4.17.3&#8243; _module_preset=\u00bbdefault\u00bb global_colors_info=\u00bb{}\u00bb][\/et_pb_image][\/et_pb_column][\/et_pb_row][et_pb_row column_structure=\u00bb1_2,1_2&#8243; use_custom_gutter=\u00bbon\u00bb gutter_width=\u00bb1&#8243; make_equal=\u00bbon\u00bb _builder_version=\u00bb4.16&#8243; _module_preset=\u00bbdefault\u00bb max_width=\u00bb40%\u00bb max_width_tablet=\u00bb40%\u00bb max_width_phone=\u00bb100%\u00bb max_width_last_edited=\u00bbon|phone\u00bb global_colors_info=\u00bb{}\u00bb][et_pb_column type=\u00bb1_2&#8243; _builder_version=\u00bb4.16&#8243; _module_preset=\u00bbdefault\u00bb global_colors_info=\u00bb{}\u00bb][et_pb_text _builder_version=\u00bb4.17.3&#8243; _module_preset=\u00bbdefault\u00bb text_font=\u00bbInter|700|||||||\u00bb text_text_color=\u00bb#1e3d7d\u00bb text_font_size=\u00bb26px\u00bb custom_padding=\u00bb||25px||false|false\u00bb text_orientation_tablet=\u00bb\u00bb text_orientation_phone=\u00bbcenter\u00bb text_orientation_last_edited=\u00bbon|phone\u00bb global_colors_info=\u00bb{}\u00bb]Cuentas anuales[\/et_pb_text][et_pb_text _builder_version=\u00bb4.17.3&#8243; _module_preset=\u00bbdefault\u00bb link_font=\u00bbInter||||||||\u00bb link_text_color=\u00bb#1e3d7d\u00bb link_font_size=\u00bb16px\u00bb ul_font=\u00bbInter||||||||\u00bb ul_text_color=\u00bb#1e3d7d\u00bb ul_font_size=\u00bb16px\u00bb global_colors_info=\u00bb{}\u00bb]<\/p>\n<ul class=\"newstyle\">\n<li><a href=\"https:\/\/fundacioprojecteivida.org\/wp-content\/uploads\/2022\/04\/2020ComptesANUALS.pdf\">Cuentas anuales 2020 <img loading=\"lazy\" decoding=\"async\" src=\"https:\/\/fundacioprojecteivida.org\/wp-content\/uploads\/2022\/04\/link-solid.png\" width=\"17\" height=\"13\" alt=\"\" class=\"wp-image-1521 alignnone size-full\" \/><\/a><\/li>\n<li><a href=\"https:\/\/fundacioprojecteivida.org\/wp-content\/uploads\/2022\/04\/2019ComptesAnualsFPiV.pdf\">Cuentas anuales 2019 <img loading=\"lazy\" decoding=\"async\" src=\"https:\/\/fundacioprojecteivida.org\/wp-content\/uploads\/2022\/04\/link-solid.png\" width=\"17\" height=\"13\" alt=\"\" class=\"wp-image-1521 alignnone size-full\" \/><\/a><\/li>\n<li><a href=\"https:\/\/fundacioprojecteivida.org\/wp-content\/uploads\/2022\/04\/2018COMPTES-ANUALS.pdf\">Cuentas anuales 2018 <img loading=\"lazy\" decoding=\"async\" src=\"https:\/\/fundacioprojecteivida.org\/wp-content\/uploads\/2022\/04\/link-solid.png\" width=\"17\" height=\"13\" alt=\"\" class=\"wp-image-1521 alignnone size-full\" \/><\/a><\/li>\n<\/ul>\n<p>[\/et_pb_text][\/et_pb_column][et_pb_column type=\u00bb1_2&#8243; _builder_version=\u00bb4.16&#8243; _module_preset=\u00bbdefault\u00bb global_colors_info=\u00bb{}\u00bb][et_pb_text _builder_version=\u00bb4.16&#8243; _module_preset=\u00bbdefault\u00bb text_font=\u00bbInter|700|||||||\u00bb text_text_color=\u00bb#1e3d7d\u00bb text_font_size=\u00bb26px\u00bb custom_padding=\u00bb||25px||false|false\u00bb custom_padding_tablet=\u00bb||25px||false|false\u00bb custom_padding_phone=\u00bb25px||25px||false|false\u00bb custom_padding_last_edited=\u00bbon|phone\u00bb text_orientation_tablet=\u00bb\u00bb text_orientation_phone=\u00bbcenter\u00bb text_orientation_last_edited=\u00bbon|phone\u00bb global_colors_info=\u00bb{}\u00bb]<\/p>\n<p>Mem\u00f2ries d\u2019activitat<\/p>\n<p>[\/et_pb_text][et_pb_text _builder_version=\u00bb4.17.3&#8243; _module_preset=\u00bbdefault\u00bb link_text_color=\u00bb#1e3d7d\u00bb ul_font=\u00bbInter||||||||\u00bb ul_text_color=\u00bb#1e3d7d\u00bb ul_font_size=\u00bb16px\u00bb global_colors_info=\u00bb{}\u00bb]<\/p>\n<ul class=\"newstyle\">\n<li><a href=\"https:\/\/fundacioprojecteivida.org\/wp-content\/uploads\/2022\/04\/Memoria2020FPiV.pdf\">Memoria 2020 <img loading=\"lazy\" decoding=\"async\" src=\"https:\/\/fundacioprojecteivida.org\/wp-content\/uploads\/2022\/04\/link-solid.png\" width=\"17\" height=\"13\" alt=\"\" class=\"wp-image-1521 alignnone size-full\" \/><\/a><\/li>\n<li><a href=\"https:\/\/fundacioprojecteivida.org\/wp-content\/uploads\/2022\/04\/2019Memoria-FProjecteiVida.pdf\">Memoria 2019 <img loading=\"lazy\" decoding=\"async\" src=\"https:\/\/fundacioprojecteivida.org\/wp-content\/uploads\/2022\/04\/link-solid.png\" width=\"17\" height=\"13\" alt=\"\" class=\"wp-image-1521 alignnone size-full\" \/><\/a><\/li>\n<li><a href=\"https:\/\/fundacioprojecteivida.org\/wp-content\/uploads\/2022\/04\/2018MemoriaFPV.pdf\">Memoria 2018 <img loading=\"lazy\" decoding=\"async\" src=\"https:\/\/fundacioprojecteivida.org\/wp-content\/uploads\/2022\/04\/link-solid.png\" width=\"17\" height=\"13\" alt=\"\" class=\"wp-image-1521 alignnone size-full\" \/><\/a><\/li>\n<li><a href=\"https:\/\/fundacioprojecteivida.org\/wp-content\/uploads\/2022\/04\/Fundacio\u0301-Projecte-i-Vida.-Memo\u0300ria-2017.pdf\">Memoria 2017 <img loading=\"lazy\" decoding=\"async\" src=\"https:\/\/fundacioprojecteivida.org\/wp-content\/uploads\/2022\/04\/link-solid.png\" width=\"17\" height=\"13\" alt=\"\" class=\"wp-image-1521 alignnone size-full\" \/><\/a><\/li>\n<\/ul>\n<p>[\/et_pb_text][\/et_pb_column][\/et_pb_row][\/et_pb_section]<\/p>\n","protected":false},"excerpt":{"rendered":"<p>TransparenciaFundaci\u00f3 Projecte i Vida quiere ser una entidad comprometida con la transparencia y las buenas pr\u00e1cticas, en esta secci\u00f3n puedes acceder a informaci\u00f3n y documentos que avalan nuestra integridad, eficacia y buen gobierno.Estructura institucional y organizativa de Fundaci\u00f3 Projecte i Vida Misi\u00f3n, Visi\u00f3n y Valores de Fundaci\u00f3 Projecte i Vida. La Fundaci\u00f3n est\u00e1 sujeta a [&hellip;]<\/p>\n","protected":false},"author":1,"featured_media":0,"parent":0,"menu_order":0,"comment_status":"closed","ping_status":"closed","template":"","meta":{"_et_pb_use_builder":"on","_et_pb_old_content":"","_et_gb_content_width":"","inline_featured_image":false,"footnotes":""},"class_list":["post-1670","page","type-page","status-publish","hentry"],"_links":{"self":[{"href":"https:\/\/fundacioprojecteivida.org\/es\/wp-json\/wp\/v2\/pages\/1670","targetHints":{"allow":["GET"]}}],"collection":[{"href":"https:\/\/fundacioprojecteivida.org\/es\/wp-json\/wp\/v2\/pages"}],"about":[{"href":"https:\/\/fundacioprojecteivida.org\/es\/wp-json\/wp\/v2\/types\/page"}],"author":[{"embeddable":true,"href":"https:\/\/fundacioprojecteivida.org\/es\/wp-json\/wp\/v2\/users\/1"}],"replies":[{"embeddable":true,"href":"https:\/\/fundacioprojecteivida.org\/es\/wp-json\/wp\/v2\/comments?post=1670"}],"version-history":[{"count":4,"href":"https:\/\/fundacioprojecteivida.org\/es\/wp-json\/wp\/v2\/pages\/1670\/revisions"}],"predecessor-version":[{"id":1990,"href":"https:\/\/fundacioprojecteivida.org\/es\/wp-json\/wp\/v2\/pages\/1670\/revisions\/1990"}],"wp:attachment":[{"href":"https:\/\/fundacioprojecteivida.org\/es\/wp-json\/wp\/v2\/media?parent=1670"}],"curies":[{"name":"wp","href":"https:\/\/api.w.org\/{rel}","templated":true}]}}